{"id":28,"date":"2023-01-22T16:36:31","date_gmt":"2023-01-22T21:36:31","guid":{"rendered":"https:\/\/soinenvironnement.ca\/?page_id=28"},"modified":"2024-10-08T13:20:10","modified_gmt":"2024-10-08T18:20:10","slug":"our-services","status":"publish","type":"page","link":"https:\/\/soinenvironnement.ca\/fr\/our-services\/","title":{"rendered":"Nos services"},"content":{"rendered":"<div class=\"wp-block-cover\" style=\"min-height:430px;aspect-ratio:unset;\"><span aria-hidden=\"true\" class=\"wp-block-cover__background has-ast-global-color-3-background-color has-background-dim\"><\/span><img loading=\"lazy\" decoding=\"async\" width=\"2160\" height=\"1440\" class=\"wp-block-cover__image-background wp-image-317\" alt=\"\" src=\"https:\/\/soinenvironnement.ca\/wp-content\/uploads\/2024\/09\/qtq80-iXxaxT.jpeg\" data-object-fit=\"cover\" srcset=\"https:\/\/soinenvironnement.ca\/wp-content\/uploads\/2024\/09\/qtq80-iXxaxT.jpeg 2160w, https:\/\/soinenvironnement.ca\/wp-content\/uploads\/2024\/09\/qtq80-iXxaxT-300x200.jpeg 300w, https:\/\/soinenvironnement.ca\/wp-content\/uploads\/2024\/09\/qtq80-iXxaxT-1024x683.jpeg 1024w, https:\/\/soinenvironnement.ca\/wp-content\/uploads\/2024\/09\/qtq80-iXxaxT-768x512.jpeg 768w, https:\/\/soinenvironnement.ca\/wp-content\/uploads\/2024\/09\/qtq80-iXxaxT-1536x1024.jpeg 1536w, https:\/\/soinenvironnement.ca\/wp-content\/uploads\/2024\/09\/qtq80-iXxaxT-2048x1365.jpeg 2048w, https:\/\/soinenvironnement.ca\/wp-content\/uploads\/2024\/09\/qtq80-iXxaxT-18x12.jpeg 18w\" sizes=\"auto, (max-width: 2160px) 100vw, 2160px\" \/><div class=\"wp-block-cover__inner-container is-layout-flow wp-block-cover-is-layout-flow\">\n<h1 class=\"wp-block-heading has-text-align-center has-large-font-size\">Nos services<\/h1>\n<\/div><\/div>\n\n\n\n<div style=\"height:80px\" aria-hidden=\"true\" class=\"wp-block-spacer\"><\/div>\n\n\n\n<h2 class=\"wp-block-heading\">Sant\u00e9 &amp; S\u00e9curit\u00e9<\/h2>\n\n\n\n<ul class=\"wp-block-list\">\n<li>R\u00e9aliser des audits et inspections S&amp;S<\/li>\n\n\n\n<li>Soutenir la mise en oeuvre de l'ISO 45001<\/li>\n\n\n\n<li>Cr\u00e9er et maintenir des programmes SSE, y compris des plans d'intervention d'urgence<\/li>\n\n\n\n<li>R\u00e9aliser des \u00e9valuations des risques et des analyses des dangers li\u00e9s aux emplois<\/li>\n\n\n\n<li>Maintenir et cr\u00e9er des mat\u00e9riaux de formation SSE<\/li>\n\n\n\n<li>Surveiller et mettre \u00e0 jour les objectifs de s\u00e9curit\u00e9 et les KPIs<\/li>\n\n\n\n<li>Former les gestionnaires aux exigences SSE<\/li>\n\n\n\n<li>Soutenir, suivre et enqu\u00eater sur les incidents de SSE<\/li>\n\n\n\n<li>Connaissances des r\u00e9glementations de SSE \u00e0 travers le pays<\/li>\n\n\n\n<li>Soutien \u00e0 la gestion des r\u00e9clamations<\/li>\n\n\n\n<li>R\u00e9aliser des \u00e9valuations pr\u00e9liminaires de l'ergonomie des bureaux<\/li>\n\n\n\n<li>Cr\u00e9er des programmes ergonomiques et du mat\u00e9riel de formation<\/li>\n<\/ul>\n\n\n\n<h2 class=\"wp-block-heading\">Environment<\/h2>\n\n\n\n<ul class=\"wp-block-list\">\n<li>R\u00e9aliser des audits et inspections environnementaux<\/li>\n\n\n\n<li>Assister \u00e0 la mise en oeuvre de l'ISO 14001<\/li>\n\n\n\n<li>R\u00e9aliser des \u00e9valuations de l'impact environnemental<\/li>\n\n\n\n<li>Assister \u00e0 la conformit\u00e9 r\u00e9glementaire\nenvironnementale<\/li>\n<\/ul>","protected":false},"excerpt":{"rendered":"<p>Health &amp; Safety Environment<\/p>","protected":false},"author":1,"featured_media":0,"parent":0,"menu_order":0,"comment_status":"closed","ping_status":"closed","template":"","meta":{"site-sidebar-layout":"default","site-content-layout":"","ast-site-content-layout":"default","site-content-style":"default","site-sidebar-style":"default","ast-global-header-display":"","ast-banner-title-visibility":"","ast-main-header-display":"","ast-hfb-above-header-display":"","ast-hfb-below-header-display":"","ast-hfb-mobile-header-display":"","site-post-title":"disabled","ast-breadcrumbs-content":"","ast-featured-img":"","footer-sml-layout":"","ast-disable-related-posts":"","theme-transparent-header-meta":"","adv-header-id-meta":"","stick-header-meta":"","header-above-stick-meta":"","header-main-stick-meta":"","header-below-stick-meta":"","astra-migrate-meta-layouts":"set","ast-page-background-enabled":"default","ast-page-background-meta":{"desktop":{"background-color":"var(--ast-global-color-4)","background-image":"","background-repeat":"repeat","background-position":"center center","background-size":"auto","background-attachment":"scroll","background-type":"","background-media":"","overlay-type":"","overlay-color":"","overlay-opacity":"","overlay-gradient":""},"tablet":{"background-color":"","background-image":"","background-repeat":"repeat","background-position":"center center","background-size":"auto","background-attachment":"scroll","background-type":"","background-media":"","overlay-type":"","overlay-color":"","overlay-opacity":"","overlay-gradient":""},"mobile":{"background-color":"","background-image":"","background-repeat":"repeat","background-position":"center center","background-size":"auto","background-attachment":"scroll","background-type":"","background-media":"","overlay-type":"","overlay-color":"","overlay-opacity":"","overlay-gradient":""}},"ast-content-background-meta":{"desktop":{"background-color":"var(--ast-global-color-5)","background-image":"","background-repeat":"repeat","background-position":"center center","background-size":"auto","background-attachment":"scroll","background-type":"","background-media":"","overlay-type":"","overlay-color":"","overlay-opacity":"","overlay-gradient":""},"tablet":{"background-color":"var(--ast-global-color-5)","background-image":"","background-repeat":"repeat","background-position":"center center","background-size":"auto","background-attachment":"scroll","background-type":"","background-media":"","overlay-type":"","overlay-color":"","overlay-opacity":"","overlay-gradient":""},"mobile":{"background-color":"var(--ast-global-color-5)","background-image":"","background-repeat":"repeat","background-position":"center center","background-size":"auto","background-attachment":"scroll","background-type":"","background-media":"","overlay-type":"","overlay-color":"","overlay-opacity":"","overlay-gradient":""}},"footnotes":""},"class_list":["post-28","page","type-page","status-publish","hentry"],"yoast_head":"<!-- This site is optimized with the Yoast SEO plugin v27.4 - https:\/\/yoast.com\/product\/yoast-seo-wordpress\/ -->\n<title>Our Services - Soin Environnement<\/title>\n<meta name=\"robots\" content=\"index, follow, max-snippet:-1, max-image-preview:large, max-video-preview:-1\" \/>\n<link rel=\"canonical\" href=\"https:\/\/soinenvironnement.ca\/fr\/our-services\/\" \/>\n<meta property=\"og:locale\" content=\"fr_CA\" \/>\n<meta property=\"og:type\" content=\"article\" \/>\n<meta property=\"og:title\" content=\"Our Services - Soin Environnement\" \/>\n<meta property=\"og:description\" content=\"Health &amp; Safety Environment\" \/>\n<meta property=\"og:url\" content=\"https:\/\/soinenvironnement.ca\/fr\/our-services\/\" \/>\n<meta property=\"og:site_name\" content=\"Soin Environnement\" \/>\n<meta property=\"article:modified_time\" content=\"2024-10-08T18:20:10+00:00\" \/>\n<meta property=\"og:image\" content=\"https:\/\/soinenvironnement.ca\/wp-content\/uploads\/2024\/09\/qtq80-iXxaxT.jpeg\" \/>\n\t<meta property=\"og:image:width\" content=\"2160\" \/>\n\t<meta property=\"og:image:height\" content=\"1440\" \/>\n\t<meta property=\"og:image:type\" content=\"image\/jpeg\" \/>\n<meta name=\"twitter:card\" content=\"summary_large_image\" \/>\n<meta name=\"twitter:label1\" content=\"Estimation du temps de lecture\" \/>\n\t<meta name=\"twitter:data1\" content=\"1 minute\" \/>\n<script type=\"application\/ld+json\" class=\"yoast-schema-graph\">{\"@context\":\"https:\\\/\\\/schema.org\",\"@graph\":[{\"@type\":\"WebPage\",\"@id\":\"https:\\\/\\\/soinenvironnement.ca\\\/our-services\\\/\",\"url\":\"https:\\\/\\\/soinenvironnement.ca\\\/our-services\\\/\",\"name\":\"Our Services - Soin Environnement\",\"isPartOf\":{\"@id\":\"https:\\\/\\\/soinenvironnement.ca\\\/#website\"},\"primaryImageOfPage\":{\"@id\":\"https:\\\/\\\/soinenvironnement.ca\\\/our-services\\\/#primaryimage\"},\"image\":{\"@id\":\"https:\\\/\\\/soinenvironnement.ca\\\/our-services\\\/#primaryimage\"},\"thumbnailUrl\":\"https:\\\/\\\/soinenvironnement.ca\\\/wp-content\\\/uploads\\\/2024\\\/09\\\/qtq80-iXxaxT.jpeg\",\"datePublished\":\"2023-01-22T21:36:31+00:00\",\"dateModified\":\"2024-10-08T18:20:10+00:00\",\"breadcrumb\":{\"@id\":\"https:\\\/\\\/soinenvironnement.ca\\\/our-services\\\/#breadcrumb\"},\"inLanguage\":\"fr-CA\",\"potentialAction\":[{\"@type\":\"ReadAction\",\"target\":[\"https:\\\/\\\/soinenvironnement.ca\\\/our-services\\\/\"]}]},{\"@type\":\"ImageObject\",\"inLanguage\":\"fr-CA\",\"@id\":\"https:\\\/\\\/soinenvironnement.ca\\\/our-services\\\/#primaryimage\",\"url\":\"https:\\\/\\\/soinenvironnement.ca\\\/wp-content\\\/uploads\\\/2024\\\/09\\\/qtq80-iXxaxT.jpeg\",\"contentUrl\":\"https:\\\/\\\/soinenvironnement.ca\\\/wp-content\\\/uploads\\\/2024\\\/09\\\/qtq80-iXxaxT.jpeg\"},{\"@type\":\"BreadcrumbList\",\"@id\":\"https:\\\/\\\/soinenvironnement.ca\\\/our-services\\\/#breadcrumb\",\"itemListElement\":[{\"@type\":\"ListItem\",\"position\":1,\"name\":\"Home\",\"item\":\"https:\\\/\\\/soinenvironnement.ca\\\/\"},{\"@type\":\"ListItem\",\"position\":2,\"name\":\"Our Services\"}]},{\"@type\":\"WebSite\",\"@id\":\"https:\\\/\\\/soinenvironnement.ca\\\/#website\",\"url\":\"https:\\\/\\\/soinenvironnement.ca\\\/\",\"name\":\"Soin Environnement\",\"description\":\"Your Health and Safety is Your Right\",\"publisher\":{\"@id\":\"https:\\\/\\\/soinenvironnement.ca\\\/#organization\"},\"potentialAction\":[{\"@type\":\"SearchAction\",\"target\":{\"@type\":\"EntryPoint\",\"urlTemplate\":\"https:\\\/\\\/soinenvironnement.ca\\\/?s={search_term_string}\"},\"query-input\":{\"@type\":\"PropertyValueSpecification\",\"valueRequired\":true,\"valueName\":\"search_term_string\"}}],\"inLanguage\":\"fr-CA\"},{\"@type\":\"Organization\",\"@id\":\"https:\\\/\\\/soinenvironnement.ca\\\/#organization\",\"name\":\"Soin Environnement\",\"url\":\"https:\\\/\\\/soinenvironnement.ca\\\/\",\"logo\":{\"@type\":\"ImageObject\",\"inLanguage\":\"fr-CA\",\"@id\":\"https:\\\/\\\/soinenvironnement.ca\\\/#\\\/schema\\\/logo\\\/image\\\/\",\"url\":\"https:\\\/\\\/soinenvironnement.ca\\\/wp-content\\\/uploads\\\/2023\\\/01\\\/cropped-SE-Logo-New-Color-2.png\",\"contentUrl\":\"https:\\\/\\\/soinenvironnement.ca\\\/wp-content\\\/uploads\\\/2023\\\/01\\\/cropped-SE-Logo-New-Color-2.png\",\"width\":1135,\"height\":870,\"caption\":\"Soin Environnement\"},\"image\":{\"@id\":\"https:\\\/\\\/soinenvironnement.ca\\\/#\\\/schema\\\/logo\\\/image\\\/\"}}]}<\/script>\n<!-- \/ Yoast SEO plugin. -->","yoast_head_json":{"title":"Our Services - Soin Environnement","robots":{"index":"index","follow":"follow","max-snippet":"max-snippet:-1","max-image-preview":"max-image-preview:large","max-video-preview":"max-video-preview:-1"},"canonical":"https:\/\/soinenvironnement.ca\/fr\/our-services\/","og_locale":"fr_CA","og_type":"article","og_title":"Our Services - Soin Environnement","og_description":"Health &amp; Safety Environment","og_url":"https:\/\/soinenvironnement.ca\/fr\/our-services\/","og_site_name":"Soin Environnement","article_modified_time":"2024-10-08T18:20:10+00:00","og_image":[{"width":2160,"height":1440,"url":"https:\/\/soinenvironnement.ca\/wp-content\/uploads\/2024\/09\/qtq80-iXxaxT.jpeg","type":"image\/jpeg"}],"twitter_card":"summary_large_image","twitter_misc":{"Estimation du temps de lecture":"1 minute"},"schema":{"@context":"https:\/\/schema.org","@graph":[{"@type":"WebPage","@id":"https:\/\/soinenvironnement.ca\/our-services\/","url":"https:\/\/soinenvironnement.ca\/our-services\/","name":"Our Services - Soin Environnement","isPartOf":{"@id":"https:\/\/soinenvironnement.ca\/#website"},"primaryImageOfPage":{"@id":"https:\/\/soinenvironnement.ca\/our-services\/#primaryimage"},"image":{"@id":"https:\/\/soinenvironnement.ca\/our-services\/#primaryimage"},"thumbnailUrl":"https:\/\/soinenvironnement.ca\/wp-content\/uploads\/2024\/09\/qtq80-iXxaxT.jpeg","datePublished":"2023-01-22T21:36:31+00:00","dateModified":"2024-10-08T18:20:10+00:00","breadcrumb":{"@id":"https:\/\/soinenvironnement.ca\/our-services\/#breadcrumb"},"inLanguage":"fr-CA","potentialAction":[{"@type":"ReadAction","target":["https:\/\/soinenvironnement.ca\/our-services\/"]}]},{"@type":"ImageObject","inLanguage":"fr-CA","@id":"https:\/\/soinenvironnement.ca\/our-services\/#primaryimage","url":"https:\/\/soinenvironnement.ca\/wp-content\/uploads\/2024\/09\/qtq80-iXxaxT.jpeg","contentUrl":"https:\/\/soinenvironnement.ca\/wp-content\/uploads\/2024\/09\/qtq80-iXxaxT.jpeg"},{"@type":"BreadcrumbList","@id":"https:\/\/soinenvironnement.ca\/our-services\/#breadcrumb","itemListElement":[{"@type":"ListItem","position":1,"name":"Home","item":"https:\/\/soinenvironnement.ca\/"},{"@type":"ListItem","position":2,"name":"Our Services"}]},{"@type":"WebSite","@id":"https:\/\/soinenvironnement.ca\/#website","url":"https:\/\/soinenvironnement.ca\/","name":"Soin Environnement","description":"Your Health and Safety is Your Right","publisher":{"@id":"https:\/\/soinenvironnement.ca\/#organization"},"potentialAction":[{"@type":"SearchAction","target":{"@type":"EntryPoint","urlTemplate":"https:\/\/soinenvironnement.ca\/?s={search_term_string}"},"query-input":{"@type":"PropertyValueSpecification","valueRequired":true,"valueName":"search_term_string"}}],"inLanguage":"fr-CA"},{"@type":"Organization","@id":"https:\/\/soinenvironnement.ca\/#organization","name":"Soin Environnement","url":"https:\/\/soinenvironnement.ca\/","logo":{"@type":"ImageObject","inLanguage":"fr-CA","@id":"https:\/\/soinenvironnement.ca\/#\/schema\/logo\/image\/","url":"https:\/\/soinenvironnement.ca\/wp-content\/uploads\/2023\/01\/cropped-SE-Logo-New-Color-2.png","contentUrl":"https:\/\/soinenvironnement.ca\/wp-content\/uploads\/2023\/01\/cropped-SE-Logo-New-Color-2.png","width":1135,"height":870,"caption":"Soin Environnement"},"image":{"@id":"https:\/\/soinenvironnement.ca\/#\/schema\/logo\/image\/"}}]}},"jetpack_sharing_enabled":true,"_links":{"self":[{"href":"https:\/\/soinenvironnement.ca\/fr\/wp-json\/wp\/v2\/pages\/28","targetHints":{"allow":["GET"]}}],"collection":[{"href":"https:\/\/soinenvironnement.ca\/fr\/wp-json\/wp\/v2\/pages"}],"about":[{"href":"https:\/\/soinenvironnement.ca\/fr\/wp-json\/wp\/v2\/types\/page"}],"author":[{"embeddable":true,"href":"https:\/\/soinenvironnement.ca\/fr\/wp-json\/wp\/v2\/users\/1"}],"replies":[{"embeddable":true,"href":"https:\/\/soinenvironnement.ca\/fr\/wp-json\/wp\/v2\/comments?post=28"}],"version-history":[{"count":13,"href":"https:\/\/soinenvironnement.ca\/fr\/wp-json\/wp\/v2\/pages\/28\/revisions"}],"predecessor-version":[{"id":321,"href":"https:\/\/soinenvironnement.ca\/fr\/wp-json\/wp\/v2\/pages\/28\/revisions\/321"}],"wp:attachment":[{"href":"https:\/\/soinenvironnement.ca\/fr\/wp-json\/wp\/v2\/media?parent=28"}],"curies":[{"name":"wp","href":"https:\/\/api.w.org\/{rel}","templated":true}]}}