{"id":6,"date":"2023-01-22T16:26:46","date_gmt":"2023-01-22T21:26:46","guid":{"rendered":"https:\/\/soinenvironnement.ca\/?page_id=6"},"modified":"2024-09-25T08:43:24","modified_gmt":"2024-09-25T13:43:24","slug":"home","status":"publish","type":"page","link":"https:\/\/soinenvironnement.ca\/fr\/","title":{"rendered":"Soin Environnement"},"content":{"rendered":"<div class=\"wp-block-cover alignfull is-light\" style=\"min-height:700px;aspect-ratio:unset;\"><span aria-hidden=\"true\" class=\"wp-block-cover__background has-background-dim-0 has-background-dim\"><\/span><img loading=\"lazy\" decoding=\"async\" width=\"2560\" height=\"1695\" class=\"wp-block-cover__image-background wp-image-53\" alt=\"\" src=\"https:\/\/soinenvironnement.ca\/wp-content\/uploads\/2023\/01\/arteum-ro-ZYu6P9-Glic-unsplash-scaled.jpg\" data-object-fit=\"cover\" srcset=\"https:\/\/soinenvironnement.ca\/wp-content\/uploads\/2023\/01\/arteum-ro-ZYu6P9-Glic-unsplash-scaled.jpg 2560w, https:\/\/soinenvironnement.ca\/wp-content\/uploads\/2023\/01\/arteum-ro-ZYu6P9-Glic-unsplash-300x199.jpg 300w, https:\/\/soinenvironnement.ca\/wp-content\/uploads\/2023\/01\/arteum-ro-ZYu6P9-Glic-unsplash-1024x678.jpg 1024w, https:\/\/soinenvironnement.ca\/wp-content\/uploads\/2023\/01\/arteum-ro-ZYu6P9-Glic-unsplash-768x509.jpg 768w, https:\/\/soinenvironnement.ca\/wp-content\/uploads\/2023\/01\/arteum-ro-ZYu6P9-Glic-unsplash-1536x1017.jpg 1536w, https:\/\/soinenvironnement.ca\/wp-content\/uploads\/2023\/01\/arteum-ro-ZYu6P9-Glic-unsplash-2048x1356.jpg 2048w, https:\/\/soinenvironnement.ca\/wp-content\/uploads\/2023\/01\/arteum-ro-ZYu6P9-Glic-unsplash-18x12.jpg 18w\" sizes=\"auto, (max-width: 2560px) 100vw, 2560px\" \/><div class=\"wp-block-cover__inner-container is-layout-flow wp-block-cover-is-layout-flow\">\n<div style=\"height:80px\" aria-hidden=\"true\" class=\"wp-block-spacer\"><\/div>\n\n\n\n<h1 class=\"wp-block-heading has-text-align-center has-ast-global-color-5-color has-text-color\">Prot\u00e9ger les personnes, sauvegarder la nature, renforcer l'autonomie des lieux de travail <\/h1>\n\n\n\n<div class=\"wp-block-buttons is-content-justification-center is-layout-flex wp-container-core-buttons-is-layout-a89b3969 wp-block-buttons-is-layout-flex\">\n<div class=\"wp-block-button is-style-secondary is-style-fill\"><a class=\"wp-block-button__link wp-element-button\" href=\"https:\/\/soinenvironnement.ca\/fr\/about\/\" target=\"_blank\" rel=\"noreferrer noopener\">Savoir plus<\/a><\/div>\n<\/div>\n\n\n\n<div style=\"height:80px\" aria-hidden=\"true\" class=\"wp-block-spacer\"><\/div>\n\n\n\n<div style=\"height:80px\" aria-hidden=\"true\" class=\"wp-block-spacer\"><\/div>\n\n\n\n<p><\/p>\n<\/div><\/div>\n\n\n\n<div style=\"height:80px\" aria-hidden=\"true\" class=\"wp-block-spacer\"><\/div>\n\n\n\n<div class=\"wp-block-columns is-layout-flex wp-container-core-columns-is-layout-28f84493 wp-block-columns-is-layout-flex\">\n<div class=\"wp-block-column is-layout-flow wp-block-column-is-layout-flow\">\n<h3 class=\"wp-block-heading has-text-align-center has-neve-text-color-color has-text-color\"><strong><em>Exp\u00e9rience approfondie dans l'industrie<\/em><\/strong><\/h3>\n\n\n\n<p class=\"has-text-align-center translation-block\">Nos professionnels EHS d\u00e9tiennent les titres\nsuivants : Professionnel en s\u00e9curit\u00e9 agr\u00e9\u00e9 du\nCanada (PSAC), Professionnel de la s\u00e9curit\u00e9 certifi\u00e9 (CSP) et Auditeur principal ISO 45001. Ils sont \u00e9galement titulaires de ma\u00eetrises en sant\u00e9 au\ntravail obtenues dans des universit\u00e9s canadiennes.<\/p>\n\n\n\n<p class=\"has-text-align-center\"><\/p>\n\n\n\n<div style=\"height:20px\" aria-hidden=\"true\" class=\"wp-block-spacer\"><\/div>\n<\/div>\n\n\n\n<div class=\"wp-block-column is-layout-flow wp-block-column-is-layout-flow\">\n<h3 class=\"wp-block-heading has-text-align-center has-neve-text-color-color has-text-color\"><strong><em>Consultation Expertise<\/em><\/strong><\/h3>\n\n\n\n<p class=\"has-text-align-center\">We are Environment, Health and Safety (EHS) professionals with years of experience in occupational health and safety in a variety of industries, including pharmaceutical, distribution, transportation, and healthcare.<\/p>\n\n\n\n<p class=\"has-text-align-center\"><\/p>\n\n\n\n<div style=\"height:20px\" aria-hidden=\"true\" class=\"wp-block-spacer\"><\/div>\n<\/div>\n\n\n\n<div class=\"wp-block-column is-layout-flow wp-block-column-is-layout-flow\">\n<h3 class=\"wp-block-heading has-text-align-center has-neve-text-color-color has-text-color\"><strong><em>Cr\u00e9ation rapide de valeur<\/em><\/strong><\/h3>\n\n\n\n<p class=\"has-text-align-center translation-block\">Nous nous soucions de nos clients et travaillons\navec diligence pour fournir un soutien personnalis\u00e9 \u00e0 travers une large gamme de services tout en offrant des tarifs comp\u00e9titifs.<\/p>\n\n\n\n<p class=\"has-text-align-center\"><\/p>\n\n\n\n<div style=\"height:20px\" aria-hidden=\"true\" class=\"wp-block-spacer\"><\/div>\n<\/div>\n<\/div>\n\n\n\n<div class=\"wp-block-buttons is-content-justification-center is-layout-flex wp-container-core-buttons-is-layout-a89b3969 wp-block-buttons-is-layout-flex\">\n<div class=\"wp-block-button\"><a class=\"wp-block-button__link wp-element-button\" href=\"https:\/\/soinenvironnement.ca\/fr\/our-services\/\" target=\"_blank\" rel=\"noreferrer noopener\">Nos services<\/a><\/div>\n<\/div>\n\n\n\n<div style=\"height:100px\" aria-hidden=\"true\" class=\"wp-block-spacer\"><\/div>\n\n\n\n<div class=\"wp-block-cover alignfull is-light\"><span aria-hidden=\"true\" class=\"wp-block-cover__background has-background-dim\"><\/span><img loading=\"lazy\" decoding=\"async\" width=\"2148\" height=\"1103\" class=\"wp-block-cover__image-background wp-image-54\" alt=\"\" src=\"https:\/\/soinenvironnement.ca\/wp-content\/uploads\/2023\/01\/damian-zaleski-RYyr-k3Ysqg-unsplash.jpg\" data-object-fit=\"cover\" srcset=\"https:\/\/soinenvironnement.ca\/wp-content\/uploads\/2023\/01\/damian-zaleski-RYyr-k3Ysqg-unsplash.jpg 2148w, https:\/\/soinenvironnement.ca\/wp-content\/uploads\/2023\/01\/damian-zaleski-RYyr-k3Ysqg-unsplash-300x154.jpg 300w, https:\/\/soinenvironnement.ca\/wp-content\/uploads\/2023\/01\/damian-zaleski-RYyr-k3Ysqg-unsplash-1024x526.jpg 1024w, https:\/\/soinenvironnement.ca\/wp-content\/uploads\/2023\/01\/damian-zaleski-RYyr-k3Ysqg-unsplash-768x394.jpg 768w, https:\/\/soinenvironnement.ca\/wp-content\/uploads\/2023\/01\/damian-zaleski-RYyr-k3Ysqg-unsplash-1536x789.jpg 1536w, https:\/\/soinenvironnement.ca\/wp-content\/uploads\/2023\/01\/damian-zaleski-RYyr-k3Ysqg-unsplash-2048x1052.jpg 2048w, https:\/\/soinenvironnement.ca\/wp-content\/uploads\/2023\/01\/damian-zaleski-RYyr-k3Ysqg-unsplash-18x9.jpg 18w\" sizes=\"auto, (max-width: 2148px) 100vw, 2148px\" \/><div class=\"wp-block-cover__inner-container is-layout-flow wp-block-cover-is-layout-flow\">\n<p class=\"has-text-align-center has-large-font-size\">Nous joindre<\/p>\n\n\n\n<div class=\"wp-block-contact-form-7-contact-form-selector\">\n<div class=\"wpcf7 no-js\" id=\"wpcf7-f59-o1\" lang=\"en-CA\" dir=\"ltr\" data-wpcf7-id=\"59\">\n<div class=\"screen-reader-response\"><p role=\"status\" aria-live=\"polite\" aria-atomic=\"true\"><\/p> <ul><\/ul><\/div>\n<form action=\"\/fr\/wp-json\/wp\/v2\/pages\/6#wpcf7-f59-o1\" method=\"post\" class=\"wpcf7-form init\" aria-label=\"Contact form\" novalidate=\"novalidate\" data-status=\"init\" data-trp-original-action=\"\/fr\/wp-json\/wp\/v2\/pages\/6#wpcf7-f59-o1\">\n<fieldset class=\"hidden-fields-container\"><input type=\"hidden\" name=\"_wpcf7\" value=\"59\" \/><input type=\"hidden\" name=\"_wpcf7_version\" value=\"6.1.5\" \/><input type=\"hidden\" name=\"_wpcf7_locale\" value=\"en_CA\" \/><input type=\"hidden\" name=\"_wpcf7_unit_tag\" value=\"wpcf7-f59-o1\" \/><input type=\"hidden\" name=\"_wpcf7_container_post\" value=\"0\" \/><input type=\"hidden\" name=\"_wpcf7_posted_data_hash\" value=\"\" \/>\n<\/fieldset>\n<p><label> Votre nom<br \/>\n<span class=\"wpcf7-form-control-wrap\" data-name=\"your-name\"><input size=\"40\" maxlength=\"400\" class=\"wpcf7-form-control wpcf7-text wpcf7-validates-as-required\" autocomplete=\"name\" aria-required=\"true\" aria-invalid=\"false\" value=\"\" type=\"text\" name=\"your-name\" \/><\/span> <\/label>\n<\/p>\n<p><label> Votre courriel<br \/>\n<span class=\"wpcf7-form-control-wrap\" data-name=\"your-email\"><input size=\"40\" maxlength=\"400\" class=\"wpcf7-form-control wpcf7-email wpcf7-validates-as-required wpcf7-text wpcf7-validates-as-email\" autocomplete=\"email\" aria-required=\"true\" aria-invalid=\"false\" value=\"\" type=\"email\" name=\"your-email\" \/><\/span> <\/label>\n<\/p>\n<p><label> Le sujet<br \/>\n<span class=\"wpcf7-form-control-wrap\" data-name=\"your-subject\"><input size=\"40\" maxlength=\"400\" class=\"wpcf7-form-control wpcf7-text wpcf7-validates-as-required\" aria-required=\"true\" aria-invalid=\"false\" value=\"\" type=\"text\" name=\"your-subject\" \/><\/span> <\/label>\n<\/p>\n<p><label> Votre message (optionnel)<br \/>\n<span class=\"wpcf7-form-control-wrap\" data-name=\"your-message\"><textarea cols=\"40\" rows=\"10\" maxlength=\"2000\" class=\"wpcf7-form-control wpcf7-textarea\" aria-invalid=\"false\" name=\"your-message\"><\/textarea><\/span> <\/label>\n<\/p>\n<p><input class=\"wpcf7-form-control wpcf7-submit has-spinner\" type=\"submit\" value=\"Soumettre\" \/>\n<\/p><div class=\"wpcf7-response-output\" aria-hidden=\"true\"><\/div>\n<input type=\"hidden\" name=\"trp-form-language\" value=\"fr\"\/><\/form>\n<\/div>\n<\/div>\n<\/div><\/div>","protected":false},"excerpt":{"rendered":"<p>Deep Industry Experience Our EHS professionals hold the followingdesignations: Canadian Registered SafetyProfessional (CRSP), Certified Safety Professional(CSP) and ISO 45001 Lead Auditor. They also holdMaster&#8217;s degrees in Occupational Health fromCanadian universities. Consulting Expertise We are Environment, Health and Safety (EHS) professionals with years of experience in occupational health and safety in a variety of industries, including [&hellip;]<\/p>\n","protected":false},"author":1,"featured_media":0,"parent":0,"menu_order":0,"comment_status":"closed","ping_status":"closed","template":"","meta":{"site-sidebar-layout":"default","site-content-layout":"","ast-site-content-layout":"default","site-content-style":"default","site-sidebar-style":"default","ast-global-header-display":"","ast-banner-title-visibility":"","ast-main-header-display":"","ast-hfb-above-header-display":"","ast-hfb-below-header-display":"","ast-hfb-mobile-header-display":"","site-post-title":"disabled","ast-breadcrumbs-content":"","ast-featured-img":"","footer-sml-layout":"","ast-disable-related-posts":"","theme-transparent-header-meta":"","adv-header-id-meta":"","stick-header-meta":"","header-above-stick-meta":"","header-main-stick-meta":"","header-below-stick-meta":"","astra-migrate-meta-layouts":"set","ast-page-background-enabled":"default","ast-page-background-meta":{"desktop":{"background-color":"var(--ast-global-color-4)","background-image":"","background-repeat":"repeat","background-position":"center center","background-size":"auto","background-attachment":"scroll","background-type":"","background-media":"","overlay-type":"","overlay-color":"","overlay-opacity":"","overlay-gradient":""},"tablet":{"background-color":"","background-image":"","background-repeat":"repeat","background-position":"center center","background-size":"auto","background-attachment":"scroll","background-type":"","background-media":"","overlay-type":"","overlay-color":"","overlay-opacity":"","overlay-gradient":""},"mobile":{"background-color":"","background-image":"","background-repeat":"repeat","background-position":"center center","background-size":"auto","background-attachment":"scroll","background-type":"","background-media":"","overlay-type":"","overlay-color":"","overlay-opacity":"","overlay-gradient":""}},"ast-content-background-meta":{"desktop":{"background-color":"var(--ast-global-color-5)","background-image":"","background-repeat":"repeat","background-position":"center center","background-size":"auto","background-attachment":"scroll","background-type":"","background-media":"","overlay-type":"","overlay-color":"","overlay-opacity":"","overlay-gradient":""},"tablet":{"background-color":"var(--ast-global-color-5)","background-image":"","background-repeat":"repeat","background-position":"center center","background-size":"auto","background-attachment":"scroll","background-type":"","background-media":"","overlay-type":"","overlay-color":"","overlay-opacity":"","overlay-gradient":""},"mobile":{"background-color":"var(--ast-global-color-5)","background-image":"","background-repeat":"repeat","background-position":"center center","background-size":"auto","background-attachment":"scroll","background-type":"","background-media":"","overlay-type":"","overlay-color":"","overlay-opacity":"","overlay-gradient":""}},"footnotes":""},"class_list":["post-6","page","type-page","status-publish","hentry"],"yoast_head":"<!-- This site is optimized with the Yoast SEO plugin v27.4 - https:\/\/yoast.com\/product\/yoast-seo-wordpress\/ -->\n<title>Soin Environnement - Soin Environnement<\/title>\n<meta name=\"robots\" content=\"index, follow, max-snippet:-1, max-image-preview:large, max-video-preview:-1\" \/>\n<link rel=\"canonical\" href=\"https:\/\/soinenvironnement.ca\/fr\/\" \/>\n<meta property=\"og:locale\" content=\"fr_CA\" \/>\n<meta property=\"og:type\" content=\"article\" \/>\n<meta property=\"og:title\" content=\"Soin Environnement - Soin Environnement\" \/>\n<meta property=\"og:description\" content=\"Deep Industry Experience Our EHS professionals hold the followingdesignations: Canadian Registered SafetyProfessional (CRSP), Certified Safety Professional(CSP) and ISO 45001 Lead Auditor. They also holdMaster&#8217;s degrees in Occupational Health fromCanadian universities. Consulting Expertise We are Environment, Health and Safety (EHS) professionals with years of experience in occupational health and safety in a variety of industries, including [&hellip;]\" \/>\n<meta property=\"og:url\" content=\"https:\/\/soinenvironnement.ca\/fr\/\" \/>\n<meta property=\"og:site_name\" content=\"Soin Environnement\" \/>\n<meta property=\"article:modified_time\" content=\"2024-09-25T13:43:24+00:00\" \/>\n<meta property=\"og:image\" content=\"https:\/\/soinenvironnement.ca\/wp-content\/uploads\/2023\/01\/arteum-ro-ZYu6P9-Glic-unsplash-scaled.jpg\" \/>\n<meta name=\"twitter:card\" content=\"summary_large_image\" \/>\n<meta name=\"twitter:label1\" content=\"Estimation du temps de lecture\" \/>\n\t<meta name=\"twitter:data1\" content=\"1 minute\" \/>\n<script type=\"application\/ld+json\" class=\"yoast-schema-graph\">{\"@context\":\"https:\\\/\\\/schema.org\",\"@graph\":[{\"@type\":\"WebPage\",\"@id\":\"https:\\\/\\\/soinenvironnement.ca\\\/\",\"url\":\"https:\\\/\\\/soinenvironnement.ca\\\/\",\"name\":\"Soin Environnement - Soin Environnement\",\"isPartOf\":{\"@id\":\"https:\\\/\\\/soinenvironnement.ca\\\/#website\"},\"primaryImageOfPage\":{\"@id\":\"https:\\\/\\\/soinenvironnement.ca\\\/#primaryimage\"},\"image\":{\"@id\":\"https:\\\/\\\/soinenvironnement.ca\\\/#primaryimage\"},\"thumbnailUrl\":\"https:\\\/\\\/soinenvironnement.ca\\\/wp-content\\\/uploads\\\/2023\\\/01\\\/arteum-ro-ZYu6P9-Glic-unsplash-scaled.jpg\",\"datePublished\":\"2023-01-22T21:26:46+00:00\",\"dateModified\":\"2024-09-25T13:43:24+00:00\",\"breadcrumb\":{\"@id\":\"https:\\\/\\\/soinenvironnement.ca\\\/#breadcrumb\"},\"inLanguage\":\"fr-CA\",\"potentialAction\":[{\"@type\":\"ReadAction\",\"target\":[\"https:\\\/\\\/soinenvironnement.ca\\\/\"]}]},{\"@type\":\"ImageObject\",\"inLanguage\":\"fr-CA\",\"@id\":\"https:\\\/\\\/soinenvironnement.ca\\\/#primaryimage\",\"url\":\"https:\\\/\\\/soinenvironnement.ca\\\/wp-content\\\/uploads\\\/2023\\\/01\\\/arteum-ro-ZYu6P9-Glic-unsplash-scaled.jpg\",\"contentUrl\":\"https:\\\/\\\/soinenvironnement.ca\\\/wp-content\\\/uploads\\\/2023\\\/01\\\/arteum-ro-ZYu6P9-Glic-unsplash-scaled.jpg\"},{\"@type\":\"BreadcrumbList\",\"@id\":\"https:\\\/\\\/soinenvironnement.ca\\\/#breadcrumb\",\"itemListElement\":[{\"@type\":\"ListItem\",\"position\":1,\"name\":\"Home\",\"item\":\"https:\\\/\\\/soinenvironnement.ca\\\/\"},{\"@type\":\"ListItem\",\"position\":2,\"name\":\"Soin Environnement\"}]},{\"@type\":\"WebSite\",\"@id\":\"https:\\\/\\\/soinenvironnement.ca\\\/#website\",\"url\":\"https:\\\/\\\/soinenvironnement.ca\\\/\",\"name\":\"Soin Environnement\",\"description\":\"Your Health and Safety is Your Right\",\"publisher\":{\"@id\":\"https:\\\/\\\/soinenvironnement.ca\\\/#organization\"},\"potentialAction\":[{\"@type\":\"SearchAction\",\"target\":{\"@type\":\"EntryPoint\",\"urlTemplate\":\"https:\\\/\\\/soinenvironnement.ca\\\/?s={search_term_string}\"},\"query-input\":{\"@type\":\"PropertyValueSpecification\",\"valueRequired\":true,\"valueName\":\"search_term_string\"}}],\"inLanguage\":\"fr-CA\"},{\"@type\":\"Organization\",\"@id\":\"https:\\\/\\\/soinenvironnement.ca\\\/#organization\",\"name\":\"Soin Environnement\",\"url\":\"https:\\\/\\\/soinenvironnement.ca\\\/\",\"logo\":{\"@type\":\"ImageObject\",\"inLanguage\":\"fr-CA\",\"@id\":\"https:\\\/\\\/soinenvironnement.ca\\\/#\\\/schema\\\/logo\\\/image\\\/\",\"url\":\"https:\\\/\\\/soinenvironnement.ca\\\/wp-content\\\/uploads\\\/2023\\\/01\\\/cropped-SE-Logo-New-Color-2.png\",\"contentUrl\":\"https:\\\/\\\/soinenvironnement.ca\\\/wp-content\\\/uploads\\\/2023\\\/01\\\/cropped-SE-Logo-New-Color-2.png\",\"width\":1135,\"height\":870,\"caption\":\"Soin Environnement\"},\"image\":{\"@id\":\"https:\\\/\\\/soinenvironnement.ca\\\/#\\\/schema\\\/logo\\\/image\\\/\"}}]}<\/script>\n<!-- \/ Yoast SEO plugin. -->","yoast_head_json":{"title":"Soin Environnement - Soin Environnement","robots":{"index":"index","follow":"follow","max-snippet":"max-snippet:-1","max-image-preview":"max-image-preview:large","max-video-preview":"max-video-preview:-1"},"canonical":"https:\/\/soinenvironnement.ca\/fr\/","og_locale":"fr_CA","og_type":"article","og_title":"Soin Environnement - Soin Environnement","og_description":"Deep Industry Experience Our EHS professionals hold the followingdesignations: Canadian Registered SafetyProfessional (CRSP), Certified Safety Professional(CSP) and ISO 45001 Lead Auditor. They also holdMaster&#8217;s degrees in Occupational Health fromCanadian universities. Consulting Expertise We are Environment, Health and Safety (EHS) professionals with years of experience in occupational health and safety in a variety of industries, including [&hellip;]","og_url":"https:\/\/soinenvironnement.ca\/fr\/","og_site_name":"Soin Environnement","article_modified_time":"2024-09-25T13:43:24+00:00","og_image":[{"url":"https:\/\/soinenvironnement.ca\/wp-content\/uploads\/2023\/01\/arteum-ro-ZYu6P9-Glic-unsplash-scaled.jpg","type":"","width":"","height":""}],"twitter_card":"summary_large_image","twitter_misc":{"Estimation du temps de lecture":"1 minute"},"schema":{"@context":"https:\/\/schema.org","@graph":[{"@type":"WebPage","@id":"https:\/\/soinenvironnement.ca\/","url":"https:\/\/soinenvironnement.ca\/","name":"Soin Environnement - Soin Environnement","isPartOf":{"@id":"https:\/\/soinenvironnement.ca\/#website"},"primaryImageOfPage":{"@id":"https:\/\/soinenvironnement.ca\/#primaryimage"},"image":{"@id":"https:\/\/soinenvironnement.ca\/#primaryimage"},"thumbnailUrl":"https:\/\/soinenvironnement.ca\/wp-content\/uploads\/2023\/01\/arteum-ro-ZYu6P9-Glic-unsplash-scaled.jpg","datePublished":"2023-01-22T21:26:46+00:00","dateModified":"2024-09-25T13:43:24+00:00","breadcrumb":{"@id":"https:\/\/soinenvironnement.ca\/#breadcrumb"},"inLanguage":"fr-CA","potentialAction":[{"@type":"ReadAction","target":["https:\/\/soinenvironnement.ca\/"]}]},{"@type":"ImageObject","inLanguage":"fr-CA","@id":"https:\/\/soinenvironnement.ca\/#primaryimage","url":"https:\/\/soinenvironnement.ca\/wp-content\/uploads\/2023\/01\/arteum-ro-ZYu6P9-Glic-unsplash-scaled.jpg","contentUrl":"https:\/\/soinenvironnement.ca\/wp-content\/uploads\/2023\/01\/arteum-ro-ZYu6P9-Glic-unsplash-scaled.jpg"},{"@type":"BreadcrumbList","@id":"https:\/\/soinenvironnement.ca\/#breadcrumb","itemListElement":[{"@type":"ListItem","position":1,"name":"Home","item":"https:\/\/soinenvironnement.ca\/"},{"@type":"ListItem","position":2,"name":"Soin Environnement"}]},{"@type":"WebSite","@id":"https:\/\/soinenvironnement.ca\/#website","url":"https:\/\/soinenvironnement.ca\/","name":"Soin Environnement","description":"Your Health and Safety is Your Right","publisher":{"@id":"https:\/\/soinenvironnement.ca\/#organization"},"potentialAction":[{"@type":"SearchAction","target":{"@type":"EntryPoint","urlTemplate":"https:\/\/soinenvironnement.ca\/?s={search_term_string}"},"query-input":{"@type":"PropertyValueSpecification","valueRequired":true,"valueName":"search_term_string"}}],"inLanguage":"fr-CA"},{"@type":"Organization","@id":"https:\/\/soinenvironnement.ca\/#organization","name":"Soin Environnement","url":"https:\/\/soinenvironnement.ca\/","logo":{"@type":"ImageObject","inLanguage":"fr-CA","@id":"https:\/\/soinenvironnement.ca\/#\/schema\/logo\/image\/","url":"https:\/\/soinenvironnement.ca\/wp-content\/uploads\/2023\/01\/cropped-SE-Logo-New-Color-2.png","contentUrl":"https:\/\/soinenvironnement.ca\/wp-content\/uploads\/2023\/01\/cropped-SE-Logo-New-Color-2.png","width":1135,"height":870,"caption":"Soin Environnement"},"image":{"@id":"https:\/\/soinenvironnement.ca\/#\/schema\/logo\/image\/"}}]}},"jetpack_sharing_enabled":true,"_links":{"self":[{"href":"https:\/\/soinenvironnement.ca\/fr\/wp-json\/wp\/v2\/pages\/6","targetHints":{"allow":["GET"]}}],"collection":[{"href":"https:\/\/soinenvironnement.ca\/fr\/wp-json\/wp\/v2\/pages"}],"about":[{"href":"https:\/\/soinenvironnement.ca\/fr\/wp-json\/wp\/v2\/types\/page"}],"author":[{"embeddable":true,"href":"https:\/\/soinenvironnement.ca\/fr\/wp-json\/wp\/v2\/users\/1"}],"replies":[{"embeddable":true,"href":"https:\/\/soinenvironnement.ca\/fr\/wp-json\/wp\/v2\/comments?post=6"}],"version-history":[{"count":14,"href":"https:\/\/soinenvironnement.ca\/fr\/wp-json\/wp\/v2\/pages\/6\/revisions"}],"predecessor-version":[{"id":383,"href":"https:\/\/soinenvironnement.ca\/fr\/wp-json\/wp\/v2\/pages\/6\/revisions\/383"}],"wp:attachment":[{"href":"https:\/\/soinenvironnement.ca\/fr\/wp-json\/wp\/v2\/media?parent=6"}],"curies":[{"name":"wp","href":"https:\/\/api.w.org\/{rel}","templated":true}]}}